{"id":2,"date":"2010-12-28T16:00:11","date_gmt":"2010-12-28T16:00:11","guid":{"rendered":"http:\/\/www.satinfo.es\/noticies\/?page_id=2"},"modified":"2013-06-10T16:49:20","modified_gmt":"2013-06-10T14:49:20","slug":"page_id2","status":"publish","type":"page","link":"https:\/\/www.satinfo.es\/noticies\/page_id2\/","title":{"rendered":"Acerca de Noticias"},"content":{"rendered":"<p>Publicaci\u00f3n de las noticias enviadas por SATINFO en el servicio de \u00abNoticias por e-mail\u00bb desde el a\u00f1o 2011<\/p>\n<p>Si quiere darse de alta al servicio de informaci\u00f3n por e-mail, pulse en el siguiente enlace: <a href=\"http:\/\/satinfo.es\/soporte.php?soporte=altaServicio\"><strong>Alta servicio de informaci\u00f3n por e-mail<\/strong><\/a><\/p>\n","protected":false},"excerpt":{"rendered":"<p>Publicaci\u00f3n de las noticias enviadas por SATINFO en el servicio de \u00abNoticias por e-mail\u00bb desde el a\u00f1o 2011 Si quiere darse de alta al servicio de informaci\u00f3n por e-mail, pulse en el siguiente enlace: Alta servicio de informaci\u00f3n por e-mail<\/p>\n","protected":false},"author":5,"featured_media":0,"parent":0,"menu_order":0,"comment_status":"closed","ping_status":"closed","template":"","meta":{"_monsterinsights_skip_tracking":false,"_monsterinsights_sitenote_active":false,"_monsterinsights_sitenote_note":"","_monsterinsights_sitenote_category":0,"footnotes":""},"class_list":["post-2","page","type-page","status-publish","hentry","post-seq-1","post-parity-odd","meta-position-corners","fix"],"aioseo_notices":[],"_links":{"self":[{"href":"https:\/\/www.satinfo.es\/noticies\/wp-json\/wp\/v2\/pages\/2","targetHints":{"allow":["GET"]}}],"collection":[{"href":"https:\/\/www.satinfo.es\/noticies\/wp-json\/wp\/v2\/pages"}],"about":[{"href":"https:\/\/www.satinfo.es\/noticies\/wp-json\/wp\/v2\/types\/page"}],"author":[{"embeddable":true,"href":"https:\/\/www.satinfo.es\/noticies\/wp-json\/wp\/v2\/users\/5"}],"replies":[{"embeddable":true,"href":"https:\/\/www.satinfo.es\/noticies\/wp-json\/wp\/v2\/comments?post=2"}],"version-history":[{"count":0,"href":"https:\/\/www.satinfo.es\/noticies\/wp-json\/wp\/v2\/pages\/2\/revisions"}],"wp:attachment":[{"href":"https:\/\/www.satinfo.es\/noticies\/wp-json\/wp\/v2\/media?parent=2"}],"curies":[{"name":"wp","href":"https:\/\/api.w.org\/{rel}","templated":true}]}}